{"id":276,"date":"2023-03-08T11:48:57","date_gmt":"2023-03-08T11:48:57","guid":{"rendered":"https:\/\/www.szuletik.hu\/?page_id=276"},"modified":"2023-09-28T17:12:37","modified_gmt":"2023-09-28T17:12:37","slug":"projektek","status":"publish","type":"page","link":"https:\/\/www.szuletik.hu\/?page_id=276","title":{"rendered":"PROJEKTJEINK"},"content":{"rendered":"\n<p><strong>\u00a0NEAE-KP-1-2021\/1-000340<\/strong><br><img loading=\"lazy\" decoding=\"async\" width=\"15\" height=\"20\" class=\"wp-image-277\" style=\"width: 15px;\" src=\"http:\/\/www.szuletik.hu\/wp-content\/uploads\/2023\/03\/pdfs.png\" alt=\"\" srcset=\"https:\/\/www.szuletik.hu\/wp-content\/uploads\/2023\/03\/pdfs.png 392w, https:\/\/www.szuletik.hu\/wp-content\/uploads\/2023\/03\/pdfs-230x300.png 230w, https:\/\/www.szuletik.hu\/wp-content\/uploads\/2023\/03\/pdfs-115x150.png 115w\" sizes=\"auto, (max-width: 15px) 100vw, 15px\" \/> <a rel=\"noreferrer noopener\" href=\"http:\/\/www.szuletik.hu\/wp-content\/uploads\/2023\/03\/Kozlemeny_tamogatas_tenyerol_sk.pdf\" target=\"_blank\">K\u00f6zlem\u00e9ny t\u00e1mogat\u00e1s t\u00e9ny\u00e9r\u0151l<\/a><br><img loading=\"lazy\" decoding=\"async\" width=\"15\" height=\"20\" class=\"wp-image-277\" style=\"width: 15px;\" src=\"http:\/\/www.szuletik.hu\/wp-content\/uploads\/2023\/03\/pdfs.png\" alt=\"\" srcset=\"https:\/\/www.szuletik.hu\/wp-content\/uploads\/2023\/03\/pdfs.png 392w, https:\/\/www.szuletik.hu\/wp-content\/uploads\/2023\/03\/pdfs-230x300.png 230w, https:\/\/www.szuletik.hu\/wp-content\/uploads\/2023\/03\/pdfs-115x150.png 115w\" sizes=\"auto, (max-width: 15px) 100vw, 15px\" \/> <a rel=\"noreferrer noopener\" href=\"http:\/\/www.szuletik.hu\/wp-content\/uploads\/2023\/03\/Zaro_kozlemeny_sk.pdf\" target=\"_blank\">Z\u00e1r\u00f3 dokument\u00e1ci\u00f3<\/a><br>&#8220;<strong>REM\u00c9NY<\/strong>&#8221; &#8211; <img loading=\"lazy\" decoding=\"async\" width=\"15\" height=\"20\" class=\"wp-image-277\" style=\"width: 15px;\" src=\"http:\/\/www.szuletik.hu\/wp-content\/uploads\/2023\/03\/pdfs.png\" alt=\"\" srcset=\"https:\/\/www.szuletik.hu\/wp-content\/uploads\/2023\/03\/pdfs.png 392w, https:\/\/www.szuletik.hu\/wp-content\/uploads\/2023\/03\/pdfs-230x300.png 230w, https:\/\/www.szuletik.hu\/wp-content\/uploads\/2023\/03\/pdfs-115x150.png 115w\" sizes=\"auto, (max-width: 15px) 100vw, 15px\" \/> <a rel=\"noreferrer noopener\" href=\"http:\/\/www.szuletik.hu\/wp-content\/uploads\/2023\/03\/REMENY_katalogus.pdf\" target=\"_blank\">let\u00f6lthet\u0151 v\u00e1ltozat<\/a><br>&#8220;<strong>REM\u00c9NY<\/strong>&#8221; &#8211; <img loading=\"lazy\" decoding=\"async\" width=\"15\" height=\"15\" class=\"wp-image-296\" style=\"width: 15px;\" src=\"http:\/\/www.szuletik.hu\/wp-content\/uploads\/2023\/03\/hope.jpg\" alt=\"\" srcset=\"https:\/\/www.szuletik.hu\/wp-content\/uploads\/2023\/03\/hope.jpg 787w, https:\/\/www.szuletik.hu\/wp-content\/uploads\/2023\/03\/hope-300x300.jpg 300w, https:\/\/www.szuletik.hu\/wp-content\/uploads\/2023\/03\/hope-150x150.jpg 150w, https:\/\/www.szuletik.hu\/wp-content\/uploads\/2023\/03\/hope-768x768.jpg 768w\" sizes=\"auto, (max-width: 15px) 100vw, 15px\" \/> <a rel=\"noreferrer noopener\" href=\"http:\/\/www.szuletik.hu\/apflip\/remeny.html\" target=\"_blank\">lapozhat\u00f3 v\u00e1ltozat<\/a><\/p>\n\n\n\n<p><strong>NEAE-KP-1-2021\/1-000100<\/strong><\/p>\n\n\n\n<p><a rel=\"noreferrer noopener\" href=\"http:\/\/www.szuletik.hu\/wp-content\/uploads\/2023\/09\/NEAE-KP-1-20211-000100_Kozlemeny_tamogatas-tenyerol_sk.pdf\" data-type=\"link\" data-id=\"http:\/\/www.szuletik.hu\/wp-content\/uploads\/2023\/09\/NEAE-KP-1-20211-000100_Kozlemeny_tamogatas-tenyerol_sk.pdf\" target=\"_blank\"><img loading=\"lazy\" decoding=\"async\" width=\"15\" height=\"20\" class=\"wp-image-277\" style=\"width: 15px;\" src=\"http:\/\/www.szuletik.hu\/wp-content\/uploads\/2023\/03\/pdfs.png\" alt=\"\" srcset=\"https:\/\/www.szuletik.hu\/wp-content\/uploads\/2023\/03\/pdfs.png 392w, https:\/\/www.szuletik.hu\/wp-content\/uploads\/2023\/03\/pdfs-230x300.png 230w, https:\/\/www.szuletik.hu\/wp-content\/uploads\/2023\/03\/pdfs-115x150.png 115w\" sizes=\"auto, (max-width: 15px) 100vw, 15px\" \/><\/a> <a rel=\"noreferrer noopener\" href=\"http:\/\/www.szuletik.hu\/wp-content\/uploads\/2023\/09\/NEAE-KP-1-20211-000100_Kozlemeny_tamogatas-tenyerol_sk.pdf\" data-type=\"link\" data-id=\"http:\/\/www.szuletik.hu\/wp-content\/uploads\/2023\/09\/NEAE-KP-1-20211-000100_Kozlemeny_tamogatas-tenyerol_sk.pdf\" target=\"_blank\">K\u00f6zlem\u00e9ny t\u00e1mogat\u00e1s t\u00e9ny\u00e9r\u0151l<\/a><br><a rel=\"noreferrer noopener\" href=\"http:\/\/www.szuletik.hu\/wp-content\/uploads\/2023\/09\/NEAE-KP-1-20211-000100_Zaro-kozlemeny_sk.pdf\" data-type=\"link\" data-id=\"http:\/\/www.szuletik.hu\/wp-content\/uploads\/2023\/09\/NEAE-KP-1-20211-000100_Zaro-kozlemeny_sk.pdf\" target=\"_blank\"><img loading=\"lazy\" decoding=\"async\" width=\"15\" height=\"20\" class=\"wp-image-277\" style=\"width: 15px;\" src=\"http:\/\/www.szuletik.hu\/wp-content\/uploads\/2023\/03\/pdfs.png\" alt=\"\" srcset=\"https:\/\/www.szuletik.hu\/wp-content\/uploads\/2023\/03\/pdfs.png 392w, https:\/\/www.szuletik.hu\/wp-content\/uploads\/2023\/03\/pdfs-230x300.png 230w, https:\/\/www.szuletik.hu\/wp-content\/uploads\/2023\/03\/pdfs-115x150.png 115w\" sizes=\"auto, (max-width: 15px) 100vw, 15px\" \/><\/a> <a rel=\"noreferrer noopener\" href=\"http:\/\/www.szuletik.hu\/wp-content\/uploads\/2023\/09\/NEAE-KP-1-20211-000100_Zaro-kozlemeny_sk.pdf\" data-type=\"link\" data-id=\"http:\/\/www.szuletik.hu\/wp-content\/uploads\/2023\/09\/NEAE-KP-1-20211-000100_Zaro-kozlemeny_sk.pdf\" target=\"_blank\">Z\u00e1r\u00f3 dokument\u00e1ci\u00f3<\/a><\/p>\n\n\n\n<p><strong><a href=\"https:\/\/www.szuletik.hu\/?page_id=324\" data-type=\"page\" data-id=\"324\">NEAE-KP-1-2021\/1-000100<\/a><\/strong><\/p>\n\n\n\n<p><\/p>\n\n\n<div class=\"wp-block-image is-style-rounded\">\n<figure class=\"alignright size-large is-resized\"><img loading=\"lazy\" decoding=\"async\" src=\"https:\/\/www.szuletik.hu\/wp-content\/uploads\/2023\/03\/projekt-1024x512.png\" alt=\"\" class=\"wp-image-281\" style=\"width:768px;height:384px\" width=\"768\" height=\"384\" srcset=\"https:\/\/www.szuletik.hu\/wp-content\/uploads\/2023\/03\/projekt-1024x512.png 1024w, https:\/\/www.szuletik.hu\/wp-content\/uploads\/2023\/03\/projekt-300x150.png 300w, https:\/\/www.szuletik.hu\/wp-content\/uploads\/2023\/03\/projekt-768x384.png 768w, https:\/\/www.szuletik.hu\/wp-content\/uploads\/2023\/03\/projekt-150x75.png 150w, https:\/\/www.szuletik.hu\/wp-content\/uploads\/2023\/03\/projekt-250x125.png 250w, https:\/\/www.szuletik.hu\/wp-content\/uploads\/2023\/03\/projekt.png 1200w\" sizes=\"auto, (max-width: 768px) 100vw, 768px\" \/><\/figure>\n<\/div>","protected":false},"excerpt":{"rendered":"<p>\u00a0NEAE-KP-1-2021\/1-000340 K\u00f6zlem\u00e9ny t\u00e1mogat\u00e1s t\u00e9ny\u00e9r\u0151l Z\u00e1r\u00f3 dokument\u00e1ci\u00f3&#8220;REM\u00c9NY&#8221; &#8211; let\u00f6lthet\u0151 v\u00e1ltozat&#8220;REM\u00c9NY&#8221; &#8211; lapozhat\u00f3 v\u00e1ltozat NEAE-KP-1-2021\/1-000100 K\u00f6zlem\u00e9ny t\u00e1mogat\u00e1s t\u00e9ny\u00e9r\u0151l Z\u00e1r\u00f3 dokument\u00e1ci\u00f3 NEAE-KP-1-2021\/1-000100<\/p>\n","protected":false},"author":1,"featured_media":0,"parent":0,"menu_order":0,"comment_status":"closed","ping_status":"closed","template":"","meta":{"footnotes":""},"class_list":["post-276","page","type-page","status-publish","hentry"],"_links":{"self":[{"href":"https:\/\/www.szuletik.hu\/index.php?rest_route=\/wp\/v2\/pages\/276","targetHints":{"allow":["GET"]}}],"collection":[{"href":"https:\/\/www.szuletik.hu\/index.php?rest_route=\/wp\/v2\/pages"}],"about":[{"href":"https:\/\/www.szuletik.hu\/index.php?rest_route=\/wp\/v2\/types\/page"}],"author":[{"embeddable":true,"href":"https:\/\/www.szuletik.hu\/index.php?rest_route=\/wp\/v2\/users\/1"}],"replies":[{"embeddable":true,"href":"https:\/\/www.szuletik.hu\/index.php?rest_route=%2Fwp%2Fv2%2Fcomments&post=276"}],"version-history":[{"count":20,"href":"https:\/\/www.szuletik.hu\/index.php?rest_route=\/wp\/v2\/pages\/276\/revisions"}],"predecessor-version":[{"id":374,"href":"https:\/\/www.szuletik.hu\/index.php?rest_route=\/wp\/v2\/pages\/276\/revisions\/374"}],"wp:attachment":[{"href":"https:\/\/www.szuletik.hu\/index.php?rest_route=%2Fwp%2Fv2%2Fmedia&parent=276"}],"curies":[{"name":"wp","href":"https:\/\/api.w.org\/{rel}","templated":true}]}}