{"id":73,"date":"2022-02-23T12:35:10","date_gmt":"2022-02-23T12:35:10","guid":{"rendered":"http:\/\/vuszuka.portalis.hu\/?page_id=73"},"modified":"2022-02-24T08:15:27","modified_gmt":"2022-02-24T08:15:27","slug":"celjaink","status":"publish","type":"page","link":"https:\/\/www.szuletik.hu\/?page_id=73","title":{"rendered":"C\u00c9LJAINK &#8211; C\u00c9LCSOPORTJAINK"},"content":{"rendered":"\n<ul class=\"wp-block-list\"><li>A csal\u00e1d \u00e9s a csal\u00e1db\u0151v\u00fcl\u00e9s t\u00e1rsadalmi elismerts\u00e9g\u00e9nek el\u0151mozd\u00edt\u00e1sa, \u00e9rt\u00e9keinek terjeszt\u00e9se, szeml\u00e9letv\u00e1lt\u00e1s, -form\u00e1l\u00e1sa<\/li><li>Az eg\u00e9szs\u00e9ges, harmonikus csal\u00e1dd\u00e1 alakul\u00e1s seg\u00edt\u00e9se<\/li><li>A csal\u00e1db\u0151v\u00fcl\u00e9s folyamat\u00e1nak akt\u00edv t\u00e1mogat\u00e1sa<\/li><li>A csal\u00e1dok \u00f6nszervez\u0151d\u00e9si folyamat\u00e1nak, \u00f6nseg\u00edt\u0151 csoportjainak seg\u00edt\u00e9se<\/li><li>A tudom\u00e1nyosan elfogadott eg\u00e9szs\u00e9g ismeret \u00e9s m\u00f3dszer terjeszt\u00e9se<\/li><li>A csal\u00e1dok kult\u00far\u00e1lis \u00e9rt\u00e9keihez adapt\u00e1lt eg\u00e9szs\u00e9g\u00e9rt\u00e9k v\u00e1laszt\u00e1s cselekv\u00e9ss\u00e9 v\u00e1l\u00e1s\u00e1nak seg\u00edt\u00e9se<\/li><li>A csal\u00e1dok \u00e9s csal\u00e1dgondoz\u00f3k seg\u00edt\u00e9se a probl\u00e9m\u00e1k, konfliktusok, betegs\u00e9gek, balesetek, er\u0151szak, h\u00e1tr\u00e1nyos megk\u00fcl\u00f6nb\u00f6ztet\u00e9s megel\u0151z\u00e9s\u00e9ben, felold\u00e1s\u00e1ban, megsz\u0171ntet\u00e9s\u00e9ben<\/li><\/ul>\n\n\n\n<div class=\"wp-block-image is-style-rounded\"><figure class=\"aligncenter size-full\"><img loading=\"lazy\" decoding=\"async\" width=\"640\" height=\"390\" src=\"http:\/\/vuszuka.portalis.hu\/wp-content\/uploads\/2022\/02\/success-g7081b9ae0_640.jpg\" alt=\"\" class=\"wp-image-143\" srcset=\"https:\/\/www.szuletik.hu\/wp-content\/uploads\/2022\/02\/success-g7081b9ae0_640.jpg 640w, https:\/\/www.szuletik.hu\/wp-content\/uploads\/2022\/02\/success-g7081b9ae0_640-300x183.jpg 300w, https:\/\/www.szuletik.hu\/wp-content\/uploads\/2022\/02\/success-g7081b9ae0_640-150x91.jpg 150w, https:\/\/www.szuletik.hu\/wp-content\/uploads\/2022\/02\/success-g7081b9ae0_640-246x150.jpg 246w\" sizes=\"auto, (max-width: 640px) 100vw, 640px\" \/><\/figure><\/div>\n\n\n\n<ul class=\"wp-block-list\" id=\"block-9ce5dd7b-6c4b-414b-a14b-cf65ac6ef523\"><li><strong>CSAL\u00c1DOK<\/strong>: k\u00fcl\u00f6n\u00f6sen a gyermekv\u00e1r\u00e1s, sz\u00fcl\u00e9s, gyermekgondoz\u00e1s-nevel\u00e9s id\u0151szak\u00e1ban, valamint ezzel \u00f6szef\u00fcgg\u00e9sben<\/li><li><strong>A CSAL\u00c1DOKAT SEG\u00cdT\u0150 SZAKEMBEREK<\/strong> k\u00fcl\u00f6n\u00f6sen <strong>V\u00c9D\u0150N\u0150K<\/strong>, \u00e9s m\u00e1s eg\u00e9szs\u00e9g\u00fcgyi, szoci\u00e1lis \u00e9s civil ter\u00fcleten dolgoz\u00f3k<\/li><\/ul>\n\n\n\n<div class=\"wp-block-columns is-layout-flex wp-container-core-columns-is-layout-9d6595d7 wp-block-columns-is-layout-flex\">\n<div class=\"wp-block-column is-layout-flow wp-block-column-is-layout-flow\">\n<figure class=\"wp-block-image size-full is-style-rounded\"><img loading=\"lazy\" decoding=\"async\" width=\"640\" height=\"427\" src=\"http:\/\/vuszuka.portalis.hu\/wp-content\/uploads\/2022\/02\/family-g4a612db63_640.jpg\" alt=\"\" class=\"wp-image-166\" srcset=\"https:\/\/www.szuletik.hu\/wp-content\/uploads\/2022\/02\/family-g4a612db63_640.jpg 640w, https:\/\/www.szuletik.hu\/wp-content\/uploads\/2022\/02\/family-g4a612db63_640-300x200.jpg 300w, https:\/\/www.szuletik.hu\/wp-content\/uploads\/2022\/02\/family-g4a612db63_640-150x100.jpg 150w, https:\/\/www.szuletik.hu\/wp-content\/uploads\/2022\/02\/family-g4a612db63_640-225x150.jpg 225w\" sizes=\"auto, (max-width: 640px) 100vw, 640px\" \/><\/figure>\n<\/div>\n\n\n\n<div class=\"wp-block-column is-layout-flow wp-block-column-is-layout-flow\">\n<figure class=\"wp-block-image size-full is-style-rounded\"><img loading=\"lazy\" decoding=\"async\" width=\"640\" height=\"426\" src=\"http:\/\/vuszuka.portalis.hu\/wp-content\/uploads\/2022\/02\/consultation-g89d23cbd8_640.jpg\" alt=\"\" class=\"wp-image-167\" srcset=\"https:\/\/www.szuletik.hu\/wp-content\/uploads\/2022\/02\/consultation-g89d23cbd8_640.jpg 640w, https:\/\/www.szuletik.hu\/wp-content\/uploads\/2022\/02\/consultation-g89d23cbd8_640-300x200.jpg 300w, https:\/\/www.szuletik.hu\/wp-content\/uploads\/2022\/02\/consultation-g89d23cbd8_640-150x100.jpg 150w, https:\/\/www.szuletik.hu\/wp-content\/uploads\/2022\/02\/consultation-g89d23cbd8_640-225x150.jpg 225w\" sizes=\"auto, (max-width: 640px) 100vw, 640px\" \/><\/figure>\n<\/div>\n<\/div>\n","protected":false},"excerpt":{"rendered":"<p>A csal\u00e1d \u00e9s a csal\u00e1db\u0151v\u00fcl\u00e9s t\u00e1rsadalmi elismerts\u00e9g\u00e9nek el\u0151mozd\u00edt\u00e1sa, \u00e9rt\u00e9keinek terjeszt\u00e9se, szeml\u00e9letv\u00e1lt\u00e1s, -form\u00e1l\u00e1sa Az eg\u00e9szs\u00e9ges, harmonikus csal\u00e1dd\u00e1 alakul\u00e1s seg\u00edt\u00e9se A csal\u00e1db\u0151v\u00fcl\u00e9s folyamat\u00e1nak akt\u00edv t\u00e1mogat\u00e1sa A csal\u00e1dok \u00f6nszervez\u0151d\u00e9si folyamat\u00e1nak, \u00f6nseg\u00edt\u0151 csoportjainak seg\u00edt\u00e9se A tudom\u00e1nyosan elfogadott eg\u00e9szs\u00e9g ismeret \u00e9s m\u00f3dszer terjeszt\u00e9se A csal\u00e1dok kult\u00far\u00e1lis \u00e9rt\u00e9keihez adapt\u00e1lt eg\u00e9szs\u00e9g\u00e9rt\u00e9k v\u00e1laszt\u00e1s cselekv\u00e9ss\u00e9 v\u00e1l\u00e1s\u00e1nak seg\u00edt\u00e9se A csal\u00e1dok&#8230; <a class=\"continue-reading-link\" href=\"https:\/\/www.szuletik.hu\/?page_id=73\">Cikk folytat\u00e1sa&#8230; <span class=\"meta-nav\">&rarr; <\/span><\/a><\/p>\n","protected":false},"author":1,"featured_media":0,"parent":0,"menu_order":0,"comment_status":"closed","ping_status":"closed","template":"","meta":{"footnotes":""},"class_list":["post-73","page","type-page","status-publish","hentry"],"_links":{"self":[{"href":"https:\/\/www.szuletik.hu\/index.php?rest_route=\/wp\/v2\/pages\/73","targetHints":{"allow":["GET"]}}],"collection":[{"href":"https:\/\/www.szuletik.hu\/index.php?rest_route=\/wp\/v2\/pages"}],"about":[{"href":"https:\/\/www.szuletik.hu\/index.php?rest_route=\/wp\/v2\/types\/page"}],"author":[{"embeddable":true,"href":"https:\/\/www.szuletik.hu\/index.php?rest_route=\/wp\/v2\/users\/1"}],"replies":[{"embeddable":true,"href":"https:\/\/www.szuletik.hu\/index.php?rest_route=%2Fwp%2Fv2%2Fcomments&post=73"}],"version-history":[{"count":12,"href":"https:\/\/www.szuletik.hu\/index.php?rest_route=\/wp\/v2\/pages\/73\/revisions"}],"predecessor-version":[{"id":196,"href":"https:\/\/www.szuletik.hu\/index.php?rest_route=\/wp\/v2\/pages\/73\/revisions\/196"}],"wp:attachment":[{"href":"https:\/\/www.szuletik.hu\/index.php?rest_route=%2Fwp%2Fv2%2Fmedia&parent=73"}],"curies":[{"name":"wp","href":"https:\/\/api.w.org\/{rel}","templated":true}]}}