{"id":79,"date":"2022-02-23T12:37:58","date_gmt":"2022-02-23T12:37:58","guid":{"rendered":"http:\/\/vuszuka.portalis.hu\/?page_id=79"},"modified":"2022-02-23T20:53:15","modified_gmt":"2022-02-23T20:53:15","slug":"tevekenysegeink","status":"publish","type":"page","link":"https:\/\/www.szuletik.hu\/?page_id=79","title":{"rendered":"TEV\u00c9KENYS\u00c9GEINK"},"content":{"rendered":"\n<ul class=\"wp-block-list\"><li><strong>Kutat\u00e1s &#8211; fejleszt\u00e9s<\/strong> az el\u00e9rhet\u0151 legjobb eg\u00e9szs\u00e9g el\u00e9r\u00e9se \u00e9rdek\u00e9ben<\/li><li>Eg\u00e9szs\u00e9gc\u00e9l\u00fa <strong>\u00f6nseg\u00edt\u0151 csoportok t\u00e1mogat\u00e1sa<\/strong><\/li><li>Csoportos eg\u00e9szs\u00e9g- \u00e9s <strong>k\u00f6z\u00f6ss\u00e9gfejleszt\u00e9s m\u00f3dszertani t\u00e1mogat\u00e1sa<\/strong><\/li><li>Naprak\u00e9sz ismeretek, <strong>inform\u00e1ci\u00f3k tov\u00e1bb\u00edt\u00e1sa a c\u00e9lcsoportoknak<\/strong><\/li><li><strong>Tov\u00e1bbk\u00e9pz\u00e9sek, tr\u00e9ningek<\/strong><\/li><li><strong>Kiadv\u00e1nyok, szakanyagok elk\u00e9sz\u00edt\u00e9se<\/strong>, lektor\u00e1l\u00e1sa \u00e9s terjeszt\u00e9se<\/li><li><strong>M\u00e9di\u00e1val val\u00f3 egy\u00fcttm\u0171k\u00f6d\u00e9s<\/strong> a c\u00e9lcsoportokat \u00e9rint\u0151 t\u00e9m\u00e1kban<\/li><li>A csal\u00e1dok, <strong>a t\u00e1rsadalom \u00e9s a korm\u00e1nyzati d\u00f6nt\u00e9shoz\u00f3k k\u00f6z\u00f6tti kommunik\u00e1ci\u00f3<\/strong> el\u0151seg\u00edt\u00e9se<\/li><li><strong>Szak\u00e9rt\u0151i tev\u00e9kenys\u00e9g<\/strong> a c\u00e9lcsoportokat \u00e9rint\u0151 t\u00e9m\u00e1kban<\/li><li><strong>Rendezv\u00e9nyek<\/strong>, konferenci\u00e1k, modell programok <strong>szervez\u00e9se<\/strong>, t\u00e1mogat\u00e1sa<\/li><\/ul>\n\n\n\n<p><\/p>\n\n\n\n<div class=\"wp-block-columns is-layout-flex wp-container-core-columns-is-layout-9d6595d7 wp-block-columns-is-layout-flex\">\n<div class=\"wp-block-column is-layout-flow wp-block-column-is-layout-flow\">\n<figure class=\"wp-block-image size-full is-style-rounded\"><img loading=\"lazy\" decoding=\"async\" width=\"640\" height=\"427\" src=\"http:\/\/vuszuka.portalis.hu\/wp-content\/uploads\/2022\/02\/family-gd46074451_640.jpg\" alt=\"\" class=\"wp-image-182\" srcset=\"https:\/\/www.szuletik.hu\/wp-content\/uploads\/2022\/02\/family-gd46074451_640.jpg 640w, https:\/\/www.szuletik.hu\/wp-content\/uploads\/2022\/02\/family-gd46074451_640-300x200.jpg 300w, https:\/\/www.szuletik.hu\/wp-content\/uploads\/2022\/02\/family-gd46074451_640-150x100.jpg 150w, https:\/\/www.szuletik.hu\/wp-content\/uploads\/2022\/02\/family-gd46074451_640-225x150.jpg 225w\" sizes=\"auto, (max-width: 640px) 100vw, 640px\" \/><\/figure>\n<\/div>\n\n\n\n<div class=\"wp-block-column is-layout-flow wp-block-column-is-layout-flow\">\n<figure class=\"wp-block-image size-large is-style-rounded\"><img loading=\"lazy\" decoding=\"async\" width=\"1024\" height=\"683\" src=\"http:\/\/vuszuka.portalis.hu\/wp-content\/uploads\/2022\/02\/network-g7615f80d0_1920-1024x683.png\" alt=\"\" class=\"wp-image-181\" srcset=\"https:\/\/www.szuletik.hu\/wp-content\/uploads\/2022\/02\/network-g7615f80d0_1920-1024x683.png 1024w, https:\/\/www.szuletik.hu\/wp-content\/uploads\/2022\/02\/network-g7615f80d0_1920-300x200.png 300w, https:\/\/www.szuletik.hu\/wp-content\/uploads\/2022\/02\/network-g7615f80d0_1920-768x512.png 768w, https:\/\/www.szuletik.hu\/wp-content\/uploads\/2022\/02\/network-g7615f80d0_1920-1536x1024.png 1536w, https:\/\/www.szuletik.hu\/wp-content\/uploads\/2022\/02\/network-g7615f80d0_1920-150x100.png 150w, https:\/\/www.szuletik.hu\/wp-content\/uploads\/2022\/02\/network-g7615f80d0_1920-225x150.png 225w, https:\/\/www.szuletik.hu\/wp-content\/uploads\/2022\/02\/network-g7615f80d0_1920.png 1920w\" sizes=\"auto, (max-width: 1024px) 100vw, 1024px\" \/><\/figure>\n<\/div>\n\n\n\n<div class=\"wp-block-column is-layout-flow wp-block-column-is-layout-flow\">\n<figure class=\"wp-block-image size-full is-style-rounded\"><img loading=\"lazy\" decoding=\"async\" width=\"640\" height=\"427\" src=\"http:\/\/vuszuka.portalis.hu\/wp-content\/uploads\/2022\/02\/hands-gb86085b1b_640.jpg\" alt=\"\" class=\"wp-image-155\" srcset=\"https:\/\/www.szuletik.hu\/wp-content\/uploads\/2022\/02\/hands-gb86085b1b_640.jpg 640w, https:\/\/www.szuletik.hu\/wp-content\/uploads\/2022\/02\/hands-gb86085b1b_640-300x200.jpg 300w, https:\/\/www.szuletik.hu\/wp-content\/uploads\/2022\/02\/hands-gb86085b1b_640-150x100.jpg 150w, https:\/\/www.szuletik.hu\/wp-content\/uploads\/2022\/02\/hands-gb86085b1b_640-225x150.jpg 225w\" sizes=\"auto, (max-width: 640px) 100vw, 640px\" \/><\/figure>\n<\/div>\n<\/div>\n","protected":false},"excerpt":{"rendered":"<p>Kutat\u00e1s &#8211; fejleszt\u00e9s az el\u00e9rhet\u0151 legjobb eg\u00e9szs\u00e9g el\u00e9r\u00e9se \u00e9rdek\u00e9ben Eg\u00e9szs\u00e9gc\u00e9l\u00fa \u00f6nseg\u00edt\u0151 csoportok t\u00e1mogat\u00e1sa Csoportos eg\u00e9szs\u00e9g- \u00e9s k\u00f6z\u00f6ss\u00e9gfejleszt\u00e9s m\u00f3dszertani t\u00e1mogat\u00e1sa Naprak\u00e9sz ismeretek, inform\u00e1ci\u00f3k tov\u00e1bb\u00edt\u00e1sa a c\u00e9lcsoportoknak Tov\u00e1bbk\u00e9pz\u00e9sek, tr\u00e9ningek Kiadv\u00e1nyok, szakanyagok elk\u00e9sz\u00edt\u00e9se, lektor\u00e1l\u00e1sa \u00e9s terjeszt\u00e9se M\u00e9di\u00e1val val\u00f3 egy\u00fcttm\u0171k\u00f6d\u00e9s a c\u00e9lcsoportokat \u00e9rint\u0151 t\u00e9m\u00e1kban A csal\u00e1dok, a t\u00e1rsadalom \u00e9s a korm\u00e1nyzati d\u00f6nt\u00e9shoz\u00f3k k\u00f6z\u00f6tti kommunik\u00e1ci\u00f3&#8230; <a class=\"continue-reading-link\" href=\"https:\/\/www.szuletik.hu\/?page_id=79\">Cikk folytat\u00e1sa&#8230; <span class=\"meta-nav\">&rarr; <\/span><\/a><\/p>\n","protected":false},"author":1,"featured_media":0,"parent":0,"menu_order":0,"comment_status":"closed","ping_status":"closed","template":"","meta":{"footnotes":""},"class_list":["post-79","page","type-page","status-publish","hentry"],"_links":{"self":[{"href":"https:\/\/www.szuletik.hu\/index.php?rest_route=\/wp\/v2\/pages\/79","targetHints":{"allow":["GET"]}}],"collection":[{"href":"https:\/\/www.szuletik.hu\/index.php?rest_route=\/wp\/v2\/pages"}],"about":[{"href":"https:\/\/www.szuletik.hu\/index.php?rest_route=\/wp\/v2\/types\/page"}],"author":[{"embeddable":true,"href":"https:\/\/www.szuletik.hu\/index.php?rest_route=\/wp\/v2\/users\/1"}],"replies":[{"embeddable":true,"href":"https:\/\/www.szuletik.hu\/index.php?rest_route=%2Fwp%2Fv2%2Fcomments&post=79"}],"version-history":[{"count":10,"href":"https:\/\/www.szuletik.hu\/index.php?rest_route=\/wp\/v2\/pages\/79\/revisions"}],"predecessor-version":[{"id":194,"href":"https:\/\/www.szuletik.hu\/index.php?rest_route=\/wp\/v2\/pages\/79\/revisions\/194"}],"wp:attachment":[{"href":"https:\/\/www.szuletik.hu\/index.php?rest_route=%2Fwp%2Fv2%2Fmedia&parent=79"}],"curies":[{"name":"wp","href":"https:\/\/api.w.org\/{rel}","templated":true}]}}